{"id":201,"date":"2025-01-27T16:57:41","date_gmt":"2025-01-27T15:57:41","guid":{"rendered":"https:\/\/gmbygreenmorango.com\/?post_type=product&#038;p=201"},"modified":"2025-01-27T17:18:03","modified_gmt":"2025-01-27T16:18:03","slug":"gm-intense","status":"publish","type":"product","link":"https:\/\/gmbygreenmorango.com\/index.php\/produit\/gm-intense\/","title":{"rendered":"&#8211; GM INTENSE &#8211;"},"content":{"rendered":"<p>D\u00e9couvrez \u201cGM Intense by Green Morango\u201d, un rhum au CBD qui repousse les limites de l\u2019excellence avec un degr\u00e9 d\u2019intensit\u00e9 in\u00e9dit. Ce rhum agricole guadeloup\u00e9en artisanal, titrant \u00e0 30\u00b0, offre un caract\u00e8re affirm\u00e9 tout en conservant la douceur et l\u2019\u00e9quilibre qui font la signature de Green Morango.<\/p>\n<p>\u00c9labor\u00e9 avec soin \u00e0 partir d\u2019une infusion et d\u2019une mac\u00e9ration minutieuses, il est sublim\u00e9 par un sirop de chanvre qui \u00e9quilibre la puissance de l\u2019alcool. Les ar\u00f4mes herbac\u00e9s du CBD s\u2019entrelacent \u00e0 des notes subtiles de fruits et d\u2019\u00e9pices, offrant une profondeur unique en bouche.<\/p>\n<p>Puissant, \u00e9l\u00e9gant et raffin\u00e9, \u201cGM Intense\u201d est le choix id\u00e9al pour ceux qui recherchent une exp\u00e9rience gustative plus cors\u00e9e sans compromis sur la sophistication. Con\u00e7u pour les amateurs de spiritueux premium, il est parfait \u00e0 d\u00e9guster pur, sur glace, ou en cocktail \u00e9labor\u00e9.<\/p>\n<p>Artisanal et Made in France, \u201cGM Intense by Green Morango\u201d allie la richesse du rhum traditionnel au modernisme du CBD, incarnant un savoir-faire unique et une invitation \u00e0 red\u00e9couvrir l\u2019\u00e9l\u00e9gance du rhum autrement.<\/p>\n<p>Savourez l\u2019intensit\u00e9, c\u00e9l\u00e9brez l\u2019\u00e9quilibre.<\/p>\n","protected":false},"excerpt":{"rendered":"<p>Vous recherchez un produit original pour offrir ou juste pour soi ?<br \/>\nGREEN MORANGO vous pr\u00e9sente son rhum arrang\u00e9 au CBD .<br \/>\nD\u00e9couvrez cet ar\u00f4me de CBD relev\u00e9 avec le pe, alli\u00e9 a un rhum Guadeloup\u00e9en travaill\u00e9 tout en subtilit\u00e9 et l\u00e9g\u00e8ret\u00e9 .<br \/>\nCe Rhum est produit avec nos Fleurs qui sont<br \/>\n100% FRANCAISES<br \/>\n100% LOCALES<br \/>\n100% BIOLOGIQUES<br \/>\n50 cl<br \/>\n\u00a0<br \/>\nBonne D\u00e9gustation<\/p>\n","protected":false},"featured_media":90,"comment_status":"open","ping_status":"closed","template":"","meta":{"_et_pb_use_builder":"","_et_pb_old_content":"","_et_gb_content_width":""},"product_brand":[],"product_cat":[19],"product_tag":[],"class_list":{"0":"post-201","1":"product","2":"type-product","3":"status-publish","4":"has-post-thumbnail","6":"product_cat-rhum-au-cbd","8":"first","9":"instock","10":"shipping-taxable","11":"purchasable","12":"product-type-simple"},"_links":{"self":[{"href":"https:\/\/gmbygreenmorango.com\/index.php\/wp-json\/wp\/v2\/product\/201","targetHints":{"allow":["GET"]}}],"collection":[{"href":"https:\/\/gmbygreenmorango.com\/index.php\/wp-json\/wp\/v2\/product"}],"about":[{"href":"https:\/\/gmbygreenmorango.com\/index.php\/wp-json\/wp\/v2\/types\/product"}],"replies":[{"embeddable":true,"href":"https:\/\/gmbygreenmorango.com\/index.php\/wp-json\/wp\/v2\/comments?post=201"}],"wp:featuredmedia":[{"embeddable":true,"href":"https:\/\/gmbygreenmorango.com\/index.php\/wp-json\/wp\/v2\/media\/90"}],"wp:attachment":[{"href":"https:\/\/gmbygreenmorango.com\/index.php\/wp-json\/wp\/v2\/media?parent=201"}],"wp:term":[{"taxonomy":"product_brand","embeddable":true,"href":"https:\/\/gmbygreenmorango.com\/index.php\/wp-json\/wp\/v2\/product_brand?post=201"},{"taxonomy":"product_cat","embeddable":true,"href":"https:\/\/gmbygreenmorango.com\/index.php\/wp-json\/wp\/v2\/product_cat?post=201"},{"taxonomy":"product_tag","embeddable":true,"href":"https:\/\/gmbygreenmorango.com\/index.php\/wp-json\/wp\/v2\/product_tag?post=201"}],"curies":[{"name":"wp","href":"https:\/\/api.w.org\/{rel}","templated":true}]}}