{"id":188,"date":"2025-01-27T16:32:05","date_gmt":"2025-01-27T15:32:05","guid":{"rendered":"https:\/\/gmbygreenmorango.com\/?post_type=product&#038;p=188"},"modified":"2025-01-27T17:19:48","modified_gmt":"2025-01-27T16:19:48","slug":"gm-original","status":"publish","type":"product","link":"https:\/\/gmbygreenmorango.com\/index.php\/produit\/gm-original\/","title":{"rendered":"&#8211; GM ORIGINAL &#8211;"},"content":{"rendered":"<p>D\u00e9couvrez \u201cGM by Green Morango\u201d, l\u2019alliance parfaite entre tradition et innovation. Ce rhum agricole guadeloup\u00e9en d\u2019exception, infus\u00e9 au CBD, se distingue par son caract\u00e8re artisanal et sa douceur unique. \u00c9labor\u00e9 avec soin \u00e0 partir d\u2019une mac\u00e9ration et d\u2019une infusion pr\u00e9cises, il est sublim\u00e9 par un sirop de chanvre qui lui conf\u00e8re une texture soyeuse et des ar\u00f4mes d\u00e9licatement herbac\u00e9s.<\/p>\n<p>Avec ses notes subtiles d\u2019agrumes et sa touche apaisante, ce rhum d\u2019amoiseau \u00e0 25-26\u00b0 offre une exp\u00e9rience sensorielle in\u00e9dite, id\u00e9ale pour les amateurs de spiritueux haut de gamme en qu\u00eate d\u2019\u00e9quilibre et de sophistication.<\/p>\n<p>Artisanal, Made in France et prim\u00e9 au championnat du monde des rhums arrang\u00e9s, \u201cGM by Green Morango\u201d incarne l\u2019excellence et le savoir-faire d\u2019une production locale, pens\u00e9e pour les \u00e9picuriens et les esprits curieux.<\/p>\n<p>Savourez l\u2019harmonie entre puissance et s\u00e9r\u00e9nit\u00e9, dans chaque goutte de ce rhum rare et authentique.<\/p>\n","protected":false},"excerpt":{"rendered":"<p>Vous recherchez un produit original pour offrir ou juste pour soi ?<br \/>\nGREEN MORANGO vous pr\u00e9sente son rhum arrang\u00e9 au CBD .<br \/>\nD\u00e9couvrez cet ar\u00f4me de CBD , alli\u00e9 a un rhum Guadeloup\u00e9en travaill\u00e9 tout en subtilit\u00e9 et l\u00e9g\u00e8ret\u00e9 .<br \/>\nCe Rhum est produit avec nos Fleurs qui sont<br \/>\n100% FRANCAISES<br \/>\n100% LOCALES<br \/>\n100% BIOLOGIQUES<br \/>\n50 cl<br \/>\n\u00a0<br \/>\nBonne D\u00e9gustation<\/p>\n","protected":false},"featured_media":0,"comment_status":"open","ping_status":"closed","template":"","meta":{"_et_pb_use_builder":"","_et_pb_old_content":"","_et_gb_content_width":""},"product_brand":[],"product_cat":[19],"product_tag":[],"class_list":{"0":"post-188","1":"product","2":"type-product","3":"status-publish","5":"product_cat-rhum-au-cbd","7":"first","8":"instock","9":"shipping-taxable","10":"purchasable","11":"product-type-simple"},"_links":{"self":[{"href":"https:\/\/gmbygreenmorango.com\/index.php\/wp-json\/wp\/v2\/product\/188","targetHints":{"allow":["GET"]}}],"collection":[{"href":"https:\/\/gmbygreenmorango.com\/index.php\/wp-json\/wp\/v2\/product"}],"about":[{"href":"https:\/\/gmbygreenmorango.com\/index.php\/wp-json\/wp\/v2\/types\/product"}],"replies":[{"embeddable":true,"href":"https:\/\/gmbygreenmorango.com\/index.php\/wp-json\/wp\/v2\/comments?post=188"}],"wp:attachment":[{"href":"https:\/\/gmbygreenmorango.com\/index.php\/wp-json\/wp\/v2\/media?parent=188"}],"wp:term":[{"taxonomy":"product_brand","embeddable":true,"href":"https:\/\/gmbygreenmorango.com\/index.php\/wp-json\/wp\/v2\/product_brand?post=188"},{"taxonomy":"product_cat","embeddable":true,"href":"https:\/\/gmbygreenmorango.com\/index.php\/wp-json\/wp\/v2\/product_cat?post=188"},{"taxonomy":"product_tag","embeddable":true,"href":"https:\/\/gmbygreenmorango.com\/index.php\/wp-json\/wp\/v2\/product_tag?post=188"}],"curies":[{"name":"wp","href":"https:\/\/api.w.org\/{rel}","templated":true}]}}