{"id":289,"date":"2025-01-28T14:59:38","date_gmt":"2025-01-28T13:59:38","guid":{"rendered":"https:\/\/gmbygreenmorango.com\/?page_id=289"},"modified":"2025-01-28T14:59:38","modified_gmt":"2025-01-28T13:59:38","slug":"confidentialite","status":"publish","type":"page","link":"https:\/\/gmbygreenmorango.com\/index.php\/confidentialite\/","title":{"rendered":"confidentialit\u00e9"},"content":{"rendered":"<p>[et_pb_section fb_built=&#8221;1&#8243; theme_builder_area=&#8221;post_content&#8221; _builder_version=&#8221;4.27.4&#8243; _module_preset=&#8221;default&#8221; background_color=&#8221;#000000&#8243; hover_enabled=&#8221;0&#8243; sticky_enabled=&#8221;0&#8243;][et_pb_row _builder_version=&#8221;4.27.4&#8243; _module_preset=&#8221;default&#8221; theme_builder_area=&#8221;post_content&#8221;][et_pb_column _builder_version=&#8221;4.27.4&#8243; _module_preset=&#8221;default&#8221; type=&#8221;4_4&#8243; theme_builder_area=&#8221;post_content&#8221;][et_pb_text _builder_version=&#8221;4.27.4&#8243; _module_preset=&#8221;default&#8221; theme_builder_area=&#8221;post_content&#8221; hover_enabled=&#8221;0&#8243; sticky_enabled=&#8221;0&#8243; text_text_color=&#8221;#FFFFFF&#8221;]<\/p>\n<p>\u00c9DITION DU SITE:<\/p>\n<p>Le pr\u00e9sent site, accessible \u00e0 l\u2019URL\u00a0<span>www.gmbygreenmorango.com<\/span>\u00a0, est la propri\u00e9t\u00e9 exclusive de forme juridique \u2013 Stephanie CLAVEL <br \/><b>Adresse :<\/b>\u00a0chem camiole 83440 CALLIAN<br \/><b>RCS :828681833 <\/b><br \/><b>N\u00b0 SIRET :\u00a082868183300012<\/b><br \/><b>N\u00b0 de TVA intercommunautaire :<\/b>\u00a0FR16828681833<br \/><b>Code APE : 0128Z<\/b><\/p>\n<p>CR\u00c9DITS :<\/p>\n<p><b>Conception site :<\/b>\u00a0Stephanie CLAVEL<\/p>\n<p><b>Cr\u00e9dits photos :<\/b>\u00a0Stephanie CLAVEL , photos libres de droits<\/p>\n<p>H\u00c9BERGEMENT<\/p>\n<p>Le pr\u00e9sent site est h\u00e9berg\u00e9 par OVH\u00a0<\/p>\n<p>SAS au capital de 50000000\u20ac<br \/>RCS Lille M\u00e9tropole 424 761 419 00045<br \/>Code APE 2620Z<br \/>N\u00b0 TVA : FR 22 424 761 419<br \/>Si\u00e8ge social : 2 rue Kellermann \u2013 59100 Roubaix \u2013 France<\/p>\n<p>&nbsp;<\/p>\n<p>PROPRI\u00c9T\u00c9 INTELLECTUELLE ET CONTREFA\u00c7ONS :<\/p>\n<p>Le propri\u00e9taire du site<span>\u00a0www.gmbygreenmorango.com\u00a0<\/span>est propri\u00e9taire des droits de propri\u00e9t\u00e9 intellectuelle ou d\u00e9tient les droits d\u2019usage sur tous les \u00e9l\u00e9ments accessibles sur le site, notamment les textes, images, graphismes, logo, ic\u00f4nes, sons, logiciels\u2026 Toute reproduction, repr\u00e9sentation, modification, publication, adaptation totale ou partielle des \u00e9l\u00e9ments du site, quel que soit le moyen ou le proc\u00e9d\u00e9 utilis\u00e9, est interdite, sauf autorisation \u00e9crite pr\u00e9alable\u00a0<span>contact@gmbygreenmorango.com<\/span>Toute exploitation non autoris\u00e9e du site ou de l\u2019un quelconque de ces \u00e9l\u00e9ments qu\u2019il contient sera consid\u00e9r\u00e9e comme constitutive d\u2019une contrefa\u00e7on et poursuivie conform\u00e9ment aux dispositions des articles L.335-2 et suivants du Code de Propri\u00e9t\u00e9 Intellectuelle.<\/p>\n<p>RESPONSABILIT\u00c9<\/p>\n<p><b><i>CLAVEL Stephanie<\/i><\/b> met tout en \u0153uvre pour assurer l\u2019exactitude et la mise \u00e0 jour de l\u2019ensemble des informations fournies sur son site mais ne peut garantir que celles-ci soient toujours compl\u00e8tes et d\u00e9pourvues de toute erreur.<\/p>\n<p><b><i>CLAVEL Stephanie<\/i><\/b><i> <\/i>peut ins\u00e9rer dans ses pages Web des liens vers d\u2019autres sites Internet\u00a0qui sont la propri\u00e9t\u00e9 de tiers ou qui sont g\u00e9r\u00e9s par des tiers. En vous connectant \u00e0 de tels sites tiers, vous devez examiner soigneusement et accepter les r\u00e8gles d\u2019utilisation de ces sites avant de les parcourir.\u00a0<b><i>CLAVEL Stephanie<\/i><\/b> n\u2019a aucun contr\u00f4le sur le contenu de ces sites tiers et n\u2019est en aucun cas responsable du contenu cr\u00e9\u00e9 ou publi\u00e9 par ces tiers.<\/p>\n<p><b><i>CLAVEL Stephanie<\/i><\/b><i> <\/i>ne peut garantir que le serveur accueillant le \u201csite\u201d est exempt de virus et que les fichiers accessibles par t\u00e9l\u00e9chargement sur ce site web ou tout autre site tiers sont d\u00e9pourvus de virus ou d\u2019erreurs de fonctionnement.<\/p>\n<p>Votre acc\u00e8s aux pages Web du site <span>www.gmbygreenmorango.com\u00a0<\/span> ne vous accorde aucunement une licence ou un droit d\u2019usage des visuels, textes, sons ou vid\u00e9os apparaissant sur ces pages sans l\u2019autorisation pr\u00e9alable et \u00e9crite de son propri\u00e9taire.<\/p>\n<p>MODIFICATIONS<\/p>\n<p>GREEN MORANGO peut modifier ses services et contenus sans pr\u00e9avis et sans autre formalit\u00e9 que de d\u00e9clarer ces modifications dans ses conditions g\u00e9n\u00e9rales et particuli\u00e8res en ligne.<\/p>\n<p>GESTION DES DONN\u00c9ES PERSONNELLES :<\/p>\n<p><b>Utilisateur :<\/b>\u00a0Internaute se connectant, utilisant le site susnomm\u00e9 <span>www.gmbygreenmorango.com\u00a0<\/span> En France, les donn\u00e9es personnelles sont notamment prot\u00e9g\u00e9es par la loi n\u00b0 78-87 du 6 janvier 1978, la loi n\u00b0 2004-801 du 6 ao\u00fbt 2004, l\u2019article L. 226-13 du Code p\u00e9nal et la Directive Europ\u00e9enne du 24 octobre 1995.<\/p>\n<p><b>Sur le site :\u00a0<\/b><span>www.gmbygreenmorango.com\u00a0<\/span><span> <\/span>le propri\u00e9taire ne collecte des informations personnelles relatives \u00e0 l\u2019utilisateur que pour le besoin de certains services propos\u00e9s par le site\u00a0<span>www.gmbygreenmorango.com\u00a0<\/span> L\u2019utilisateur fournit ces informations en toute connaissance de cause, notamment lorsqu\u2019il proc\u00e8de par lui-m\u00eame \u00e0 leur saisie. Il est alors pr\u00e9cis\u00e9 \u00e0 l\u2019utilisateur du site\u00a0<span>\u00a0www.gmbygreenmorango.com\u00a0<\/span>\u00a0l\u2019obligation ou non de fournir ces informations. Conform\u00e9ment aux dispositions des articles 38 et suivants de la loi 78-17 du 6 janvier 1978 relative \u00e0 l\u2019informatique, aux fichiers et aux libert\u00e9s, tout utilisateur dispose d\u2019un droit d\u2019acc\u00e8s, de rectification, de suppression et d\u2019opposition aux donn\u00e9es personnelles le concernant. Pour l\u2019exercer, adressez votre demande \u00e0\u00a0<span>www.gmbygreenmorango.com\u00a0<\/span>\u00a0par\u00a0contact@gmbygreenmorango.com<span> <\/span>ou en effectuant sa demande \u00e9crite et sign\u00e9e, accompagn\u00e9e d\u2019une copie du titre d\u2019identit\u00e9 avec signature du titulaire de la pi\u00e8ce, en pr\u00e9cisant l\u2019adresse \u00e0 laquelle la r\u00e9ponse doit \u00eatre envoy\u00e9e.<\/p>\n<p>Aucune information personnelle de l\u2019utilisateur du site\u00a0<span>www.gmbygreenmorango.com\u00a0<\/span> n\u2019est publi\u00e9e \u00e0 l\u2019insu de l\u2019utilisateur, \u00e9chang\u00e9e, transf\u00e9r\u00e9e, c\u00e9d\u00e9e ou vendue sur un support quelconque \u00e0 des tiers. Seule l\u2019hypoth\u00e8se du rachat du site<a href=\"https:\/\/www.pistedazur.org\/\"><span>\u00a0<\/span><\/a><span>www.gmbygreenmorango.com\u00a0<\/span>\u00a0\u00a0au propri\u00e9taire du site et de ses droits permettrait la transmission des dites informations \u00e0 l\u2019\u00e9ventuel acqu\u00e9reur qui serait \u00e0 son tour tenu de la m\u00eame obligation de conservation et de modification des donn\u00e9es vis \u00e0 vis de l\u2019utilisateur du site<span>\u00a0<\/span><span>www.gmbygreenmorango.com\u00a0<\/span><\/p>\n<p>Politique de Confidentialit\u00e9<\/p>\n<p>PROTECTION DES DONN\u00c9ES PERSONNELLES<\/p>\n<p>Certaines informations et donn\u00e9es concernant l\u2019internaute peuvent \u00eatre recueillies via le formulaire \u00a0\u00bb contact\u00a0\u00bb, et\/ou via le \u00ab\u00a0formulaire d\u2019inscription\u00a0\u00bb. Ces donn\u00e9es sont utilis\u00e9es pour le traitement des dossiers et sont conserv\u00e9es pendant 5 ans dans nos archives. Conform\u00e9ment \u00e0 la loi N\u00b078-17 du 6 janvier 1978 \u00a0\u00bb informatique et libert\u00e9s\u00a0\u00bb, vous disposez \u00e0 tout moment, d\u2019un droit d\u2019acc\u00e8s, de modification, de rectification et de suppression des donn\u00e9es vous concernant. Pour cela, vous pouvez en faire la demande en envoyant un mail \u00e0\u00a0contact@gmbygreenmorango.com\u00a0en expliquant votre demande.<\/p>\n<p>GESTION DES COOKIES<\/p>\n<p>La navigation sur le site\u00a0<span>www.gmbygreenmorango.com\u00a0<\/span>est susceptible de provoquer l\u2019installation de cookie(s) sur l\u2019ordinateur de l\u2019utilisateur. Un cookie est un fichier de petite taille, qui ne permet pas l\u2019identification de l\u2019utilisateur, mais qui enregistre des informations relatives \u00e0 la navigation d\u2019un ordinateur sur un site. Nous collectons ainsi de mani\u00e8re automatique certaines informations vous concernant lors d\u2019une simple navigation sur notre site Internet, notamment: des informations concernant l\u2019utilisation de notre site, comme les zones que vous visitez et les services auxquels vous acc\u00e9dez, votre adresse IP, le type de votre navigateur, vos temps d\u2019acc\u00e8s.<br \/>De telles informations sont utilis\u00e9es exclusivement \u00e0 des fins de statistiques internes et de s\u00e9curit\u00e9 du site\u00a0<span>www.gmbygreenmorango.com\u00a0<\/span>, ou pour am\u00e9liorer la qualit\u00e9 des services qui vous sont propos\u00e9s.<\/p>\n<p>Les bases de donn\u00e9es sont prot\u00e9g\u00e9es par les dispositions de la loi du 1er juillet 1998 transposant la directive 96\/9 du 11 mars 1996 relative \u00e0 la protection juridique des bases de donn\u00e9es. Le site\u00a0<span>www.gmbygreenmorango.com\u00a0<\/span>\u00a0utilise des solutions de soci\u00e9t\u00e9s tierces qui n\u00e9cessitent l\u2019utilisation de cookies r\u00e9coltant des informations personnelles, en l\u2019occurrence la Solution statistique Google Analytics. Le refus d\u2019installation d\u2019un cookie peut entra\u00eener l\u2019impossibilit\u00e9 d\u2019acc\u00e9der \u00e0 certains services.<\/p>\n<p>L\u2019utilisateur peut toutefois configurer son ordinateur de la mani\u00e8re suivante, pour refuser l\u2019installation des cookies :<\/p>\n<ul>\n<li><span><\/span><b>Sous Chrome :<\/b>\u00a0cliquez en haut \u00e0 droite du navigateur sur le pictogramme de menu (symbolis\u00e9 par trois lignes horizontales). S\u00e9lectionnez Param\u00e8tres. Cliquez sur Afficher les param\u00e8tres avanc\u00e9s. Dans la section \u00ab Confidentialit\u00e9 \u00bb, cliquez sur pr\u00e9f\u00e9rences. Dans l \u2019onglet \u00ab Confidentialit\u00e9 \u00bb, vous pouvez bloquer les cookies.<\/li>\n<li><span><\/span><b>Sous Firefox :<\/b>\u00a0en haut de la fen\u00eatre du navigateur, cliquez sur le bouton Firefox, puis aller dans l \u2019onglet Options. Cliquer sur l \u2019onglet Vie priv\u00e9e. Param\u00e9trez les R\u00e8gles de conservation, sur : utiliser les param\u00e8tres personnalis\u00e9s pour l \u2019historique. Enfin d\u00e9cochez-la pour d\u00e9sactiver les cookies.<\/li>\n<li><span><\/span><b>Sous Safari :<\/b>\u00a0cliquez en haut \u00e0 droite du navigateur sur le pictogramme de menu, s\u00e9lectionnez Param\u00e8tres.<\/li>\n<\/ul>\n<p>[\/et_pb_text][\/et_pb_column][\/et_pb_row][\/et_pb_section]<\/p>\n","protected":false},"excerpt":{"rendered":"<p>\u00c9DITION DU SITE: Le pr\u00e9sent site, accessible \u00e0 l\u2019URL\u00a0www.gmbygreenmorango.com\u00a0, est la propri\u00e9t\u00e9 exclusive de forme juridique \u2013 Stephanie CLAVEL Adresse :\u00a0chem camiole 83440 CALLIANRCS :828681833 N\u00b0 SIRET :\u00a082868183300012N\u00b0 de TVA intercommunautaire :\u00a0FR16828681833Code APE : 0128Z CR\u00c9DITS : Conception site :\u00a0Stephanie CLAVEL Cr\u00e9dits photos :\u00a0Stephanie CLAVEL , photos libres de droits H\u00c9BERGEMENT Le pr\u00e9sent site est [&hellip;]<\/p>\n","protected":false},"author":1,"featured_media":0,"parent":0,"menu_order":0,"comment_status":"closed","ping_status":"closed","template":"","meta":{"_et_pb_use_builder":"on","_et_pb_old_content":"","_et_gb_content_width":"","footnotes":""},"class_list":["post-289","page","type-page","status-publish","hentry"],"_links":{"self":[{"href":"https:\/\/gmbygreenmorango.com\/index.php\/wp-json\/wp\/v2\/pages\/289","targetHints":{"allow":["GET"]}}],"collection":[{"href":"https:\/\/gmbygreenmorango.com\/index.php\/wp-json\/wp\/v2\/pages"}],"about":[{"href":"https:\/\/gmbygreenmorango.com\/index.php\/wp-json\/wp\/v2\/types\/page"}],"author":[{"embeddable":true,"href":"https:\/\/gmbygreenmorango.com\/index.php\/wp-json\/wp\/v2\/users\/1"}],"replies":[{"embeddable":true,"href":"https:\/\/gmbygreenmorango.com\/index.php\/wp-json\/wp\/v2\/comments?post=289"}],"version-history":[{"count":2,"href":"https:\/\/gmbygreenmorango.com\/index.php\/wp-json\/wp\/v2\/pages\/289\/revisions"}],"predecessor-version":[{"id":292,"href":"https:\/\/gmbygreenmorango.com\/index.php\/wp-json\/wp\/v2\/pages\/289\/revisions\/292"}],"wp:attachment":[{"href":"https:\/\/gmbygreenmorango.com\/index.php\/wp-json\/wp\/v2\/media?parent=289"}],"curies":[{"name":"wp","href":"https:\/\/api.w.org\/{rel}","templated":true}]}}